{"id":56,"date":"2020-04-18T09:29:46","date_gmt":"2020-04-18T09:29:46","guid":{"rendered":"https:\/\/gruascargo.cl\/index.php\/home\/"},"modified":"2026-02-19T03:54:36","modified_gmt":"2026-02-19T03:54:36","slug":"home","status":"publish","type":"page","link":"https:\/\/gruascargo.cl\/","title":{"rendered":"Home"},"content":{"rendered":"\t\t<div data-elementor-type=\"wp-post\" data-elementor-id=\"56\" class=\"elementor elementor-56\">\n\t\t\t\t\t\t<section class=\"elementor-section elementor-top-section elementor-element elementor-element-72a0fdd6 elementor-section-stretched elementor-section-height-full aux-appear-watch-animation aux-fade-in-down elementor-section-items-stretch elementor-section-boxed elementor-section-height-default\" data-id=\"72a0fdd6\" data-element_type=\"section\" data-settings=\"{&quot;stretch_section&quot;:&quot;section-stretched&quot;,&quot;background_background&quot;:&quot;video&quot;,&quot;background_video_link&quot;:&quot;https:\\\/\\\/youtu.be\\\/bBGaA0Xc4GU&quot;,&quot;background_video_start&quot;:1,&quot;background_play_on_mobile&quot;:&quot;yes&quot;}\">\n\t\t\t\t\t\t\t\t<div class=\"elementor-background-video-container\">\n\t\t\t\t\t\t\t\t\t\t\t\t\t<div class=\"elementor-background-video-embed\"><\/div>\n\t\t\t\t\t\t\t\t\t\t\t\t<\/div>\n\t\t\t\t\t\t\t\t<div class=\"elementor-container elementor-column-gap-no\">\n\t\t\t\t\t<div class=\"aux-parallax-section elementor-column elementor-col-100 elementor-top-column elementor-element elementor-element-21451e44\" data-id=\"21451e44\" data-element_type=\"column\" data-settings=\"{&quot;background_background&quot;:&quot;slideshow&quot;,&quot;background_slideshow_gallery&quot;:[],&quot;background_slideshow_loop&quot;:&quot;yes&quot;,&quot;background_slideshow_slide_duration&quot;:5000,&quot;background_slideshow_slide_transition&quot;:&quot;fade&quot;,&quot;background_slideshow_transition_duration&quot;:500}\">\n\t\t\t<div class=\"elementor-widget-wrap elementor-element-populated\">\n\t\t\t\t\t\t<div class=\"elementor-element elementor-element-336eafb0 aux-appear-watch-animation aux-fade-in-right-2 elementor-widget elementor-widget-aux_modern_heading\" data-id=\"336eafb0\" data-element_type=\"widget\" data-widget_type=\"aux_modern_heading.default\">\n\t\t\t\t<div class=\"elementor-widget-container\">\n\t\t\t<section class=\"aux-widget-modern-heading\">\n            <div class=\"aux-widget-inner\"><h4 class=\"aux-modern-heading-primary\"><\/h4><div class=\"aux-modern-heading-divider\"><\/div><h1 class=\"aux-modern-heading-secondary\"><span class=\"aux-head-before\">Tu carga segura es nuestro compromiso<\/span><\/h1><\/div>\n        <\/section>\t\t<\/div>\n\t\t\t\t<\/div>\n\t\t\t\t\t<\/div>\n\t\t<\/div>\n\t\t\t\t\t<\/div>\n\t\t<\/section>\n\t\t\t\t<section class=\"elementor-section elementor-top-section elementor-element elementor-element-1771708d elementor-section-stretched elementor-section-boxed elementor-section-height-default elementor-section-height-default\" data-id=\"1771708d\" data-element_type=\"section\" data-settings=\"{&quot;stretch_section&quot;:&quot;section-stretched&quot;,&quot;background_background&quot;:&quot;classic&quot;}\">\n\t\t\t\t\t\t<div class=\"elementor-container elementor-column-gap-default\">\n\t\t\t\t\t<div class=\"aux-parallax-section elementor-column elementor-col-100 elementor-top-column elementor-element elementor-element-5ce83905\" data-id=\"5ce83905\" data-element_type=\"column\">\n\t\t\t<div class=\"elementor-widget-wrap elementor-element-populated\">\n\t\t\t\t\t\t<div class=\"elementor-element elementor-element-7b95b728 aux-appear-watch-animation aux-fade-in-up elementor-widget elementor-widget-aux_modern_heading\" data-id=\"7b95b728\" data-element_type=\"widget\" data-widget_type=\"aux_modern_heading.default\">\n\t\t\t\t<div class=\"elementor-widget-container\">\n\t\t\t<section class=\"aux-widget-modern-heading\">\n            <div class=\"aux-widget-inner\"><h2 class=\"aux-modern-heading-primary\"><\/h2><h3 class=\"aux-modern-heading-secondary\"><span class=\"aux-head-before\">SERVICIOS<\/span><\/h3><div class=\"aux-modern-heading-divider\"><\/div><\/div>\n        <\/section>\t\t<\/div>\n\t\t\t\t<\/div>\n\t\t\t\t<section class=\"elementor-section elementor-inner-section elementor-element elementor-element-a628135 elementor-section-boxed elementor-section-height-default elementor-section-height-default\" data-id=\"a628135\" data-element_type=\"section\">\n\t\t\t\t\t\t<div class=\"elementor-container elementor-column-gap-wide\">\n\t\t\t\t\t<div class=\"aux-parallax-section elementor-column elementor-col-33 elementor-inner-column elementor-element elementor-element-6291743e aux-appear-watch-animation aux-scale-down\" data-id=\"6291743e\" data-element_type=\"column\">\n\t\t\t<div class=\"elementor-widget-wrap elementor-element-populated\">\n\t\t\t\t\t\t<div class=\"elementor-element elementor-element-65574da3 elementor-widget elementor-widget-aux_text\" data-id=\"65574da3\" data-element_type=\"widget\" data-widget_type=\"aux_text.default\">\n\t\t\t\t<div class=\"elementor-widget-container\">\n\t\t\t<section class=\"widget-container aux-widget-text aux-parent-aub839bfa5\">        <div class=\"aux-widget-advanced-text aux-wrap-style-simple aux-ico-pos-top aux-text-center aux-text-resp- aux-text-color-dark aux-text-widget-bg-center  \" >\n        \n                            <div class=\"aux-text-widget-header \"  >\n                        <div class=\"aux-ico-box aux-ico-large aux-img-box aux-ico-shape-default aux-ico-clear \">\n                                                                <img fetchpriority=\"high\" decoding=\"async\" width=\"300\" height=\"300\" src=\"https:\/\/gruascargo.cl\/wp-content\/uploads\/2024\/08\/img2.jpg\" class=\"aux-attachment aux-featured-image aux-attachment-id-346\" alt=\"img2\" srcset=\"https:\/\/gruascargo.cl\/wp-content\/uploads\/2024\/08\/img2-150x150.jpg 150w,https:\/\/gruascargo.cl\/wp-content\/uploads\/2024\/08\/img2.jpg 300w\" data-ratio=\"1\" data-original-w=\"300\" \/>                                                    <\/div>\n                <\/div>\n            \n            <div class=\"aux-text-inner aux-text-widget-content\">\n                                <h4 class=\"col-title\">ARRIENDO DE GRUAS CON CAPACIDAD DE 3 A 150 TONELADAS<\/h4>\n                                <div class=\"widget-content\">\n                                        <p>Equipos de ultima generaci\u00f3n con diferentes tipos de grua de 3 a 150 toneladas con personal altamente calificado<\/p>                <\/div>\n                            <\/div>\n        <\/div>\n                    <div class=\"aux-text-widget-footer\">\n                <div class=\"aux-border-shape-none \">\n                                <\/div>\n            <\/div>\n        \n<\/section><!-- widget-container -->\t\t<\/div>\n\t\t\t\t<\/div>\n\t\t\t\t\t<\/div>\n\t\t<\/div>\n\t\t\t\t<div class=\"aux-parallax-section elementor-column elementor-col-33 elementor-inner-column elementor-element elementor-element-7712a77 aux-appear-watch-animation aux-scale-down\" data-id=\"7712a77\" data-element_type=\"column\">\n\t\t\t<div class=\"elementor-widget-wrap elementor-element-populated\">\n\t\t\t\t\t\t<div class=\"elementor-element elementor-element-5c98c65 elementor-widget elementor-widget-aux_text\" data-id=\"5c98c65\" data-element_type=\"widget\" data-widget_type=\"aux_text.default\">\n\t\t\t\t<div class=\"elementor-widget-container\">\n\t\t\t<section class=\"widget-container aux-widget-text aux-parent-au54063daf\">        <div class=\"aux-widget-advanced-text aux-wrap-style-simple aux-ico-pos-top aux-text-center aux-text-resp- aux-text-color-dark aux-text-widget-bg-center  \" >\n        \n                            <div class=\"aux-text-widget-header \"  >\n                        <div class=\"aux-ico-box aux-ico-large aux-img-box aux-ico-shape-default aux-ico-clear \">\n                                                                <img decoding=\"async\" width=\"300\" height=\"300\" src=\"https:\/\/gruascargo.cl\/wp-content\/uploads\/2024\/09\/genera.jpg\" class=\"aux-attachment aux-featured-image aux-attachment-id-361\" alt=\"genera\" srcset=\"https:\/\/gruascargo.cl\/wp-content\/uploads\/2024\/09\/genera-150x150.jpg 150w,https:\/\/gruascargo.cl\/wp-content\/uploads\/2024\/09\/genera.jpg 300w\" data-ratio=\"1\" data-original-w=\"300\" \/>                                                    <\/div>\n                <\/div>\n            \n            <div class=\"aux-text-inner aux-text-widget-content\">\n                                <h4 class=\"col-title\"><a href=\"https:\/\/gruascargo.cl\/index.php\/arriendo-de-generadores\/\">ARRIENDO DE GENERADORES<\/a><\/h4>\n                                <div class=\"widget-content\">\n                                        <p>Tenemos todo tipo de generadores de 60 kva hasta 300 kva, tambi\u00e9n gestionamos el traslado del generador, adem\u00e1s contamos con servicio t\u00e9cnico especializado<\/p>                <\/div>\n                            <\/div>\n        <\/div>\n                    <div class=\"aux-text-widget-footer\">\n                <div class=\"aux-border-shape-none \">\n                                <\/div>\n            <\/div>\n        \n<\/section><!-- widget-container -->\t\t<\/div>\n\t\t\t\t<\/div>\n\t\t\t\t\t<\/div>\n\t\t<\/div>\n\t\t\t\t<div class=\"aux-parallax-section elementor-column elementor-col-33 elementor-inner-column elementor-element elementor-element-9e1975e aux-appear-watch-animation aux-scale-down\" data-id=\"9e1975e\" data-element_type=\"column\">\n\t\t\t<div class=\"elementor-widget-wrap elementor-element-populated\">\n\t\t\t\t\t\t<div class=\"elementor-element elementor-element-4c725fe elementor-widget elementor-widget-aux_text\" data-id=\"4c725fe\" data-element_type=\"widget\" data-widget_type=\"aux_text.default\">\n\t\t\t\t<div class=\"elementor-widget-container\">\n\t\t\t<section class=\"widget-container aux-widget-text aux-parent-au96ad5cfb\">        <div class=\"aux-widget-advanced-text aux-wrap-style-simple aux-ico-pos-top aux-text-center aux-text-resp- aux-text-color-dark aux-text-widget-bg-center  \" >\n        \n                            <div class=\"aux-text-widget-header \"  >\n                        <div class=\"aux-ico-box aux-ico-large aux-img-box aux-ico-shape-default aux-ico-clear \">\n                                                                <img decoding=\"async\" width=\"300\" height=\"300\" src=\"https:\/\/gruascargo.cl\/wp-content\/uploads\/2024\/04\/Sin-titulo-1.jpg\" class=\"aux-attachment aux-featured-image aux-attachment-id-275\" alt=\"Sin-ti\u0301tulo-1\" srcset=\"https:\/\/gruascargo.cl\/wp-content\/uploads\/2024\/04\/Sin-titulo-1-150x150.jpg 150w,https:\/\/gruascargo.cl\/wp-content\/uploads\/2024\/04\/Sin-titulo-1.jpg 300w\" data-ratio=\"1\" data-original-w=\"300\" \/>                                                    <\/div>\n                <\/div>\n            \n            <div class=\"aux-text-inner aux-text-widget-content\">\n                                <h4 class=\"col-title\">ARRIENDO DE MINICARGADOR, EXCAVADORA Y RETROEXCABADORA<\/h4>\n                                <div class=\"widget-content\">\n                                        <p>Contamos con diferentes tipos de maquinaria para movimiento de tierra, obras civiles, limpieza de campos.<br \/>para ello contamos con equipo minicargador, retroexcavadora y excavadora.<\/p>                <\/div>\n                            <\/div>\n        <\/div>\n                    <div class=\"aux-text-widget-footer\">\n                <div class=\"aux-border-shape-none \">\n                                <\/div>\n            <\/div>\n        \n<\/section><!-- widget-container -->\t\t<\/div>\n\t\t\t\t<\/div>\n\t\t\t\t\t<\/div>\n\t\t<\/div>\n\t\t\t\t\t<\/div>\n\t\t<\/section>\n\t\t\t\t<div class=\"elementor-element elementor-element-8a52def elementor-widget elementor-widget-aux_modern_button\" data-id=\"8a52def\" data-element_type=\"widget\" data-widget_type=\"aux_modern_button.default\">\n\t\t\t\t<div class=\"elementor-widget-container\">\n\t\t\t    <div class=\"aux-modern-button-wrapper aux-modern-button-align-center\" >\n                    <a class=\"aux-modern-button aux-black aux-modern-button-md aux-modern-button-normal aux-modern-button-default aux-icon-right\" href=\"https:\/\/gruascargo.cl\/services\/\">\n                <div class=\"aux-overlay\"><\/div>\n                                    <div class=\"aux-icon \">\n                        <i aria-hidden=\"true\" class=\"fas fa-angle-right\"><\/i>                    <\/div>\n                                <div class=\"aux-text\">\n<span class=\"aux-text-before\">CONTACTAR<\/span>                <\/div>\n            <\/a>\n            \n    <\/div>\n\n    \t\t<\/div>\n\t\t\t\t<\/div>\n\t\t\t\t\t<\/div>\n\t\t<\/div>\n\t\t\t\t\t<\/div>\n\t\t<\/section>\n\t\t\t\t<section class=\"elementor-section elementor-top-section elementor-element elementor-element-177d82f0 elementor-section-content-middle elementor-section-boxed elementor-section-height-default elementor-section-height-default\" data-id=\"177d82f0\" data-element_type=\"section\">\n\t\t\t\t\t\t<div class=\"elementor-container elementor-column-gap-extended\">\n\t\t\t\t\t<div class=\"aux-parallax-section elementor-column elementor-col-50 elementor-top-column elementor-element elementor-element-7bcab9b9\" data-id=\"7bcab9b9\" data-element_type=\"column\">\n\t\t\t<div class=\"elementor-widget-wrap elementor-element-populated\">\n\t\t\t\t\t\t<div class=\"elementor-element elementor-element-4616b3cd aux-appear-watch-animation aux-fade-in-up elementor-widget elementor-widget-aux_modern_heading\" data-id=\"4616b3cd\" data-element_type=\"widget\" data-widget_type=\"aux_modern_heading.default\">\n\t\t\t\t<div class=\"elementor-widget-container\">\n\t\t\t<section class=\"aux-widget-modern-heading\">\n            <div class=\"aux-widget-inner\"><h2 class=\"aux-modern-heading-primary\"><\/h2><h3 class=\"aux-modern-heading-secondary\"><span class=\"aux-head-before\">Nuestra Empresa<\/span><\/h3><div class=\"aux-modern-heading-divider\"><\/div><div class=\"aux-modern-heading-description\"><p>En Gruas Cargo, estamos en el camino contigo las 24 horas del d\u00eda, los 7 d\u00edas de la semana, listos para brindarte asistencia confiable en cualquier momento que lo necesites. Nuestro compromiso con la excelencia en el servicio es inquebrantable, respaldado por nuestra dedicaci\u00f3n tanto a nuestro trabajo como a nuestros valiosos clientes.<\/p><p>Nuestra flota de camiones de \u00faltima generaci\u00f3n y nuestro equipo altamente capacitado aseguran que cada trabajo se realice con la m\u00e1xima calidad y eficiencia. En Gruas Cargo, nos esforzamos por ser la opci\u00f3n de confianza para nuestros clientes en cualquier situaci\u00f3n de emergencia en la carretera.<\/p><p>Cuando busques un servicio de gr\u00faa que puedas depender, conf\u00eda en Gruas Cargo para estar all\u00ed cuando m\u00e1s lo necesites, superando tus expectativas en cada paso del camino.<\/p><\/div><\/div>\n        <\/section>\t\t<\/div>\n\t\t\t\t<\/div>\n\t\t\t\t<div class=\"elementor-element elementor-element-627ab59 elementor-widget elementor-widget-aux_modern_button\" data-id=\"627ab59\" data-element_type=\"widget\" data-widget_type=\"aux_modern_button.default\">\n\t\t\t\t<div class=\"elementor-widget-container\">\n\t\t\t    <div class=\"aux-modern-button-wrapper aux-modern-button-align-left\" >\n                    <a class=\"aux-modern-button aux-black aux-modern-button-md aux-modern-button-normal aux-modern-button-outline aux-icon-\" href=\"https:\/\/gruascargo.cl\/about-us\/\">\n                <div class=\"aux-overlay\"><\/div>\n                                    <div class=\"aux-icon \">\n                                            <\/div>\n                                <div class=\"aux-text\">\n<span class=\"aux-text-before\">Conocenos<\/span>                <\/div>\n            <\/a>\n            \n    <\/div>\n\n    \t\t<\/div>\n\t\t\t\t<\/div>\n\t\t\t\t\t<\/div>\n\t\t<\/div>\n\t\t\t\t<div class=\"aux-parallax-section elementor-column elementor-col-25 elementor-top-column elementor-element elementor-element-59212b16 aux-appear-watch-animation aux-fade-in-right-1\" data-id=\"59212b16\" data-element_type=\"column\">\n\t\t\t<div class=\"elementor-widget-wrap elementor-element-populated\">\n\t\t\t\t\t\t<div class=\"elementor-element elementor-element-7114cf2f elementor-widget elementor-widget-aux_image\" data-id=\"7114cf2f\" data-element_type=\"widget\" data-widget_type=\"aux_image.default\">\n\t\t\t\t<div class=\"elementor-widget-container\">\n\t\t\t<section class=\"widget-container aux-widget-image aux-alignnone aux-parent-aucf1cfa79\">\n    <div class=\"aux-media-hint-frame \">\n        <div class=\"aux-media-image \" >\n        \n            \n\n            \n            <img loading=\"lazy\" decoding=\"async\" width=\"377\" height=\"700\" src=\"data:image\/gif;base64,R0lGODlhAQABAIAAAAAAAP\/\/\/yH5BAEAAAAALAAAAAABAAEAAAIBRAA7\" class=\"aux-attachment aux-featured-image aux-attachment-id-232 aux-preload aux-blank\" alt=\"img3\" data-ratio=\"0.54\" data-original-w=\"1080\" sizes=\"auto\" data-srcset=\"https:\/\/gruascargo.cl\/wp-content\/uploads\/2024\/04\/img3-1-150x279.jpg 150w,https:\/\/gruascargo.cl\/wp-content\/uploads\/2024\/04\/img3-1-300x557.jpg 300w,https:\/\/gruascargo.cl\/wp-content\/uploads\/2024\/04\/img3-1-768x1426.jpg 768w,https:\/\/gruascargo.cl\/wp-content\/uploads\/2024\/04\/img3-1-1024x1901.jpg 1024w,https:\/\/gruascargo.cl\/wp-content\/uploads\/2024\/04\/img3-1-377x700.jpg 377w\" data-src=\"https:\/\/gruascargo.cl\/wp-content\/uploads\/2024\/04\/img3-1-377x700.jpg\" \/>            \n                <\/div>\n    <\/div>\n\n<\/section><!-- widget-container -->\t\t<\/div>\n\t\t\t\t<\/div>\n\t\t\t\t\t<\/div>\n\t\t<\/div>\n\t\t\t\t<div class=\"aux-parallax-section elementor-column elementor-col-25 elementor-top-column elementor-element elementor-element-3cead55a aux-appear-watch-animation aux-fade-in-right-1\" data-id=\"3cead55a\" data-element_type=\"column\">\n\t\t\t<div class=\"elementor-widget-wrap elementor-element-populated\">\n\t\t\t\t\t\t<div class=\"elementor-element elementor-element-5df80c85 elementor-widget elementor-widget-aux_image\" data-id=\"5df80c85\" data-element_type=\"widget\" data-widget_type=\"aux_image.default\">\n\t\t\t\t<div class=\"elementor-widget-container\">\n\t\t\t<section class=\"widget-container aux-widget-image aux-alignnone aux-parent-aucd50c986\">\n    <div class=\"aux-media-hint-frame \">\n        <div class=\"aux-media-image \" >\n        \n            \n\n            \n            <img loading=\"lazy\" decoding=\"async\" width=\"377\" height=\"700\" src=\"data:image\/gif;base64,R0lGODlhAQABAIAAAAAAAP\/\/\/yH5BAEAAAAALAAAAAABAAEAAAIBRAA7\" class=\"aux-attachment aux-featured-image aux-attachment-id-233 aux-preload aux-blank\" alt=\"img3\" data-ratio=\"0.54\" data-original-w=\"1080\" sizes=\"auto\" data-srcset=\"https:\/\/gruascargo.cl\/wp-content\/uploads\/2024\/04\/img3-2-150x279.jpg 150w,https:\/\/gruascargo.cl\/wp-content\/uploads\/2024\/04\/img3-2-300x557.jpg 300w,https:\/\/gruascargo.cl\/wp-content\/uploads\/2024\/04\/img3-2-768x1426.jpg 768w,https:\/\/gruascargo.cl\/wp-content\/uploads\/2024\/04\/img3-2-1024x1901.jpg 1024w,https:\/\/gruascargo.cl\/wp-content\/uploads\/2024\/04\/img3-2-377x700.jpg 377w\" data-src=\"https:\/\/gruascargo.cl\/wp-content\/uploads\/2024\/04\/img3-2-377x700.jpg\" \/>            \n                <\/div>\n    <\/div>\n\n<\/section><!-- widget-container -->\t\t<\/div>\n\t\t\t\t<\/div>\n\t\t\t\t\t<\/div>\n\t\t<\/div>\n\t\t\t\t\t<\/div>\n\t\t<\/section>\n\t\t\t\t<section class=\"elementor-section elementor-top-section elementor-element elementor-element-28194ed6 elementor-section-content-middle elementor-section-boxed elementor-section-height-default elementor-section-height-default\" data-id=\"28194ed6\" data-element_type=\"section\">\n\t\t\t\t\t\t<div class=\"elementor-container elementor-column-gap-extended\">\n\t\t\t\t\t<div class=\"aux-parallax-section elementor-column elementor-col-33 elementor-top-column elementor-element elementor-element-c4247c9\" data-id=\"c4247c9\" data-element_type=\"column\">\n\t\t\t<div class=\"elementor-widget-wrap elementor-element-populated\">\n\t\t\t\t\t\t<div class=\"elementor-element elementor-element-302ed56f aux-appear-watch-animation aux-fade-in-up elementor-widget elementor-widget-aux_modern_heading\" data-id=\"302ed56f\" data-element_type=\"widget\" data-widget_type=\"aux_modern_heading.default\">\n\t\t\t\t<div class=\"elementor-widget-container\">\n\t\t\t<section class=\"aux-widget-modern-heading\">\n            <div class=\"aux-widget-inner\"><h2 class=\"aux-modern-heading-primary\"><\/h2><h3 class=\"aux-modern-heading-secondary\"><span class=\"aux-head-before\">Dentro de la Decima Regi\u00f3n<\/span><\/h3><div class=\"aux-modern-heading-divider\"><\/div><div class=\"aux-modern-heading-description\"><p>En Gruas Cargo, estamos comprometidos a tu servicio las 24 horas, todos los d\u00edas. Nuestro compromiso con la excelencia es la clave para brindarte la mejor asistencia en cualquier momento que nos necesites.<\/p><\/div><\/div>\n        <\/section>\t\t<\/div>\n\t\t\t\t<\/div>\n\t\t\t\t<div class=\"elementor-element elementor-element-1f18e93 elementor-widget elementor-widget-aux_modern_button\" data-id=\"1f18e93\" data-element_type=\"widget\" data-widget_type=\"aux_modern_button.default\">\n\t\t\t\t<div class=\"elementor-widget-container\">\n\t\t\t    <div class=\"aux-modern-button-wrapper aux-modern-button-align-left\" >\n                    <a class=\"aux-modern-button aux-black aux-modern-button-md aux-modern-button-normal aux-modern-button-default aux-icon-\" href=\"#\">\n                <div class=\"aux-overlay\"><\/div>\n                                    <div class=\"aux-icon \">\n                                            <\/div>\n                                <div class=\"aux-text\">\n<span class=\"aux-text-before\">CONTACTANOS<\/span>                <\/div>\n            <\/a>\n            \n    <\/div>\n\n    \t\t<\/div>\n\t\t\t\t<\/div>\n\t\t\t\t\t<\/div>\n\t\t<\/div>\n\t\t\t\t<div class=\"aux-parallax-section elementor-column elementor-col-66 elementor-top-column elementor-element elementor-element-3fb0f77a aux-appear-watch-animation aux-fade-in-left\" data-id=\"3fb0f77a\" data-element_type=\"column\">\n\t\t\t<div class=\"elementor-widget-wrap elementor-element-populated\">\n\t\t\t\t\t\t<div class=\"elementor-element elementor-element-6d43092 elementor-widget elementor-widget-aux_image\" data-id=\"6d43092\" data-element_type=\"widget\" data-widget_type=\"aux_image.default\">\n\t\t\t\t<div class=\"elementor-widget-container\">\n\t\t\t<section class=\"widget-container aux-widget-image aux-alignnone aux-parent-au96c11655\">\n    <div class=\"aux-media-hint-frame \">\n        <div class=\"aux-media-image \" >\n        \n            \n\n            \n            <img loading=\"lazy\" decoding=\"async\" width=\"917\" height=\"760\" src=\"data:image\/gif;base64,R0lGODlhAQABAIAAAAAAAP\/\/\/yH5BAEAAAAALAAAAAABAAEAAAIBRAA7\" class=\"aux-attachment aux-featured-image aux-attachment-id-356 aux-preload aux-blank\" alt=\"30-transformed\" data-ratio=\"1.21\" data-original-w=\"1440\" sizes=\"auto\" data-srcset=\"https:\/\/gruascargo.cl\/wp-content\/uploads\/2024\/08\/30-transformed-scaled-150x124.webp 150w,https:\/\/gruascargo.cl\/wp-content\/uploads\/2024\/08\/30-transformed-scaled-300x249.webp 300w,https:\/\/gruascargo.cl\/wp-content\/uploads\/2024\/08\/30-transformed-scaled-768x637.webp 768w,https:\/\/gruascargo.cl\/wp-content\/uploads\/2024\/08\/30-transformed-scaled-1024x849.webp 1024w,https:\/\/gruascargo.cl\/wp-content\/uploads\/2024\/08\/30-transformed-scaled-917x760.webp 917w\" data-src=\"https:\/\/gruascargo.cl\/wp-content\/uploads\/2024\/08\/30-transformed-scaled-917x760.webp\" \/>            \n                <\/div>\n    <\/div>\n\n<\/section><!-- widget-container -->\t\t<\/div>\n\t\t\t\t<\/div>\n\t\t\t\t\t<\/div>\n\t\t<\/div>\n\t\t\t\t\t<\/div>\n\t\t<\/section>\n\t\t\t\t<\/div>\n\t\t","protected":false},"excerpt":{"rendered":"<p>Tu carga segura es nuestro compromiso SERVICIOS ARRIENDO DE GRUAS CON CAPACIDAD DE 3 A 150 TONELADAS Equipos de ultima generaci\u00f3n con diferentes tipos de grua de 3 a 150 toneladas con personal altamente calificado ARRIENDO DE GENERADORES Tenemos todo tipo de generadores de 60 kva hasta 300 kva, tambi\u00e9n gestionamos el traslado del generador, [&hellip;]<\/p>\n","protected":false},"author":1,"featured_media":0,"parent":0,"menu_order":0,"comment_status":"closed","ping_status":"closed","template":"templates\/page-builder-content.php","meta":{"footnotes":""},"class_list":["post-56","page","type-page","status-publish","hentry"],"_links":{"self":[{"href":"https:\/\/gruascargo.cl\/index.php\/wp-json\/wp\/v2\/pages\/56","targetHints":{"allow":["GET"]}}],"collection":[{"href":"https:\/\/gruascargo.cl\/index.php\/wp-json\/wp\/v2\/pages"}],"about":[{"href":"https:\/\/gruascargo.cl\/index.php\/wp-json\/wp\/v2\/types\/page"}],"author":[{"embeddable":true,"href":"https:\/\/gruascargo.cl\/index.php\/wp-json\/wp\/v2\/users\/1"}],"replies":[{"embeddable":true,"href":"https:\/\/gruascargo.cl\/index.php\/wp-json\/wp\/v2\/comments?post=56"}],"version-history":[{"count":231,"href":"https:\/\/gruascargo.cl\/index.php\/wp-json\/wp\/v2\/pages\/56\/revisions"}],"predecessor-version":[{"id":462,"href":"https:\/\/gruascargo.cl\/index.php\/wp-json\/wp\/v2\/pages\/56\/revisions\/462"}],"wp:attachment":[{"href":"https:\/\/gruascargo.cl\/index.php\/wp-json\/wp\/v2\/media?parent=56"}],"curies":[{"name":"wp","href":"https:\/\/api.w.org\/{rel}","templated":true}]}}